{"id":10,"date":"2019-11-18T15:07:59","date_gmt":"2019-11-18T20:07:59","guid":{"rendered":"https:\/\/stress.cosmosskamouraska.com\/?page_id=10"},"modified":"2019-11-18T15:07:59","modified_gmt":"2019-11-18T20:07:59","slug":"a-propos-de","status":"publish","type":"page","link":"https:\/\/stress.cosmosskamouraska.com\/?page_id=10","title":{"rendered":"\u00c0 propos de"},"content":{"rendered":"\n<p>Vous pourriez \u00eatre un artiste et vouloir pr\u00e9senter vos travaux et vous m\u00eame ou encore \u00eatre une entreprise avec une mission \u00e0 promouvoir.<\/p>\n","protected":false},"excerpt":{"rendered":"<p>Vous pourriez \u00eatre un artiste et vouloir pr\u00e9senter vos travaux et vous m\u00eame ou encore \u00eatre une entreprise avec une mission \u00e0 promouvoir.<\/p>\n","protected":false},"author":2,"featured_media":7,"parent":0,"menu_order":0,"comment_status":"closed","ping_status":"closed","template":"","meta":[],"_links":{"self":[{"href":"https:\/\/stress.cosmosskamouraska.com\/index.php?rest_route=\/wp\/v2\/pages\/10"}],"collection":[{"href":"https:\/\/stress.cosmosskamouraska.com\/index.php?rest_route=\/wp\/v2\/pages"}],"about":[{"href":"https:\/\/stress.cosmosskamouraska.com\/index.php?rest_route=\/wp\/v2\/types\/page"}],"author":[{"embeddable":true,"href":"https:\/\/stress.cosmosskamouraska.com\/index.php?rest_route=\/wp\/v2\/users\/2"}],"replies":[{"embeddable":true,"href":"https:\/\/stress.cosmosskamouraska.com\/index.php?rest_route=%2Fwp%2Fv2%2Fcomments&post=10"}],"version-history":[{"count":1,"href":"https:\/\/stress.cosmosskamouraska.com\/index.php?rest_route=\/wp\/v2\/pages\/10\/revisions"}],"predecessor-version":[{"id":19,"href":"https:\/\/stress.cosmosskamouraska.com\/index.php?rest_route=\/wp\/v2\/pages\/10\/revisions\/19"}],"wp:featuredmedia":[{"embeddable":true,"href":"https:\/\/stress.cosmosskamouraska.com\/index.php?rest_route=\/wp\/v2\/media\/7"}],"wp:attachment":[{"href":"https:\/\/stress.cosmosskamouraska.com\/index.php?rest_route=%2Fwp%2Fv2%2Fmedia&parent=10"}],"curies":[{"name":"wp","href":"https:\/\/api.w.org\/{rel}","templated":true}]}}