{"id":11,"date":"2019-11-18T15:07:59","date_gmt":"2019-11-18T20:07:59","guid":{"rendered":"https:\/\/stress.cosmosskamouraska.com\/?page_id=11"},"modified":"2019-11-18T15:07:59","modified_gmt":"2019-11-18T20:07:59","slug":"contact","status":"publish","type":"page","link":"https:\/\/stress.cosmosskamouraska.com\/?page_id=11","title":{"rendered":"Contact"},"content":{"rendered":"\n<p>C\u2019est une page avec des informations de contact de base, comme l\u2019adresse et le num\u00e9ro de t\u00e9l\u00e9phone. Vous pouvez aussi essayer une extension pour ajouter un formulaire de contact.<\/p>\n","protected":false},"excerpt":{"rendered":"<p>C\u2019est une page avec des informations de contact de base, comme l\u2019adresse et le num\u00e9ro de t\u00e9l\u00e9phone. Vous pouvez aussi essayer une extension pour ajouter un formulaire de contact.<\/p>\n","protected":false},"author":2,"featured_media":6,"parent":0,"menu_order":0,"comment_status":"closed","ping_status":"closed","template":"","meta":[],"_links":{"self":[{"href":"https:\/\/stress.cosmosskamouraska.com\/index.php?rest_route=\/wp\/v2\/pages\/11"}],"collection":[{"href":"https:\/\/stress.cosmosskamouraska.com\/index.php?rest_route=\/wp\/v2\/pages"}],"about":[{"href":"https:\/\/stress.cosmosskamouraska.com\/index.php?rest_route=\/wp\/v2\/types\/page"}],"author":[{"embeddable":true,"href":"https:\/\/stress.cosmosskamouraska.com\/index.php?rest_route=\/wp\/v2\/users\/2"}],"replies":[{"embeddable":true,"href":"https:\/\/stress.cosmosskamouraska.com\/index.php?rest_route=%2Fwp%2Fv2%2Fcomments&post=11"}],"version-history":[{"count":1,"href":"https:\/\/stress.cosmosskamouraska.com\/index.php?rest_route=\/wp\/v2\/pages\/11\/revisions"}],"predecessor-version":[{"id":20,"href":"https:\/\/stress.cosmosskamouraska.com\/index.php?rest_route=\/wp\/v2\/pages\/11\/revisions\/20"}],"wp:featuredmedia":[{"embeddable":true,"href":"https:\/\/stress.cosmosskamouraska.com\/index.php?rest_route=\/wp\/v2\/media\/6"}],"wp:attachment":[{"href":"https:\/\/stress.cosmosskamouraska.com\/index.php?rest_route=%2Fwp%2Fv2%2Fmedia&parent=11"}],"curies":[{"name":"wp","href":"https:\/\/api.w.org\/{rel}","templated":true}]}}